{"id":616,"date":"2025-04-29T12:09:06","date_gmt":"2025-04-29T12:09:06","guid":{"rendered":"https:\/\/newplayer.nas.rs\/wordpress\/?page_id=616"},"modified":"2025-05-19T10:55:50","modified_gmt":"2025-05-19T10:55:50","slug":"hit-tv","status":"publish","type":"page","link":"https:\/\/player.hitfm.rs\/?page_id=616","title":{"rendered":"HIT TV PLAYER"},"content":{"rendered":"\n<h2 class=\"wp-block-heading alignwide has-text-align-center\">HIT TV<\/h2>\n\n\n\n<p class=\"has-text-align-center\"><\/p>\n\n\n<h4 style=\"text-align: center;\"><strong>Dobrodo\u0161li na HIT FM Radio Viziju \u2013 mesto gde tvoja omiljena muzika ne samo da zvu\u010di odli\u010dno, ve\u0107 i izgleda sjajno!<br data-start=\"320\" data-end=\"323\" \/>Gledaj nas u\u017eivo 24\/7 i oseti puls najboljeg radijskog zvuka \u2013 sada i u video formatu.<\/strong><\/h4>\n\n\n<p align=\"center\"><iframe loading=\"lazy\" title=\"HIT Radio\" width=\"1280\" height=\"720\" src=\"https:\/\/peer2.tdiradio.com\/videos\/embed\/bab99862-ec1c-474f-9a02-4f8c8677d565\" frameborder=\"0\" allowfullscreen=\"\" sandbox=\"allow-same-origin allow-scripts allow-popups\"><\/iframe><\/p>\n","protected":false},"excerpt":{"rendered":"<p>HIT TV Dobrodo\u0161li na HIT FM Radio Viziju \u2013 mesto gde tvoja omiljena muzika ne samo da zvu\u010di odli\u010dno, ve\u0107 i izgleda sjajno!Gledaj nas u\u017eivo 24\/7 i oseti puls najboljeg radijskog zvuka \u2013 sada i u video formatu.<\/p>\n","protected":false},"author":12,"featured_media":728,"parent":0,"menu_order":0,"comment_status":"closed","ping_status":"closed","template":"","meta":{"type":"","auto_type":false,"post":"","stream":"","stream_url":"","waveform_data":[],"duration":0,"start":0,"end":0,"bpm":0,"downloadable":false,"download_url":"","purchase_title":"","purchase_url":"","post-count-all":0,"like_count":0,"download_count":0,"editor_note":"","copyright":"","captions":[],"sources":[],"color":"","_uag_custom_page_level_css":"","footnotes":""},"class_list":["post-616","page","type-page","status-publish","has-post-thumbnail","hentry","entry",""],"acf":[],"yoast_head":"<!-- This site is optimized with the Yoast SEO plugin v26.4 - https:\/\/yoast.com\/wordpress\/plugins\/seo\/ -->\n<title>HIT TV PLAYER - HIT FM PLAYER<\/title>\n<meta name=\"robots\" content=\"index, follow, max-snippet:-1, max-image-preview:large, max-video-preview:-1\" \/>\n<link rel=\"canonical\" href=\"https:\/\/player.hitfm.rs\/?page_id=616\" \/>\n<meta property=\"og:locale\" content=\"en_US\" \/>\n<meta property=\"og:type\" content=\"article\" \/>\n<meta property=\"og:title\" content=\"HIT TV PLAYER - HIT FM PLAYER\" \/>\n<meta property=\"og:description\" content=\"HIT TV Dobrodo\u0161li na HIT FM Radio Viziju \u2013 mesto gde tvoja omiljena muzika ne samo da zvu\u010di odli\u010dno, ve\u0107 i izgleda sjajno!Gledaj nas u\u017eivo 24\/7 i oseti puls najboljeg radijskog zvuka \u2013 sada i u video formatu.\" \/>\n<meta property=\"og:url\" content=\"https:\/\/player.hitfm.rs\/?page_id=616\" \/>\n<meta property=\"og:site_name\" content=\"HIT FM PLAYER\" \/>\n<meta property=\"article:modified_time\" content=\"2025-05-19T10:55:50+00:00\" \/>\n<meta property=\"og:image\" content=\"https:\/\/player.hitfm.rs\/wp-content\/uploads\/sites\/9\/2025\/04\/hittv.jpg\" \/>\n\t<meta property=\"og:image:width\" content=\"1920\" \/>\n\t<meta property=\"og:image:height\" content=\"1080\" \/>\n\t<meta property=\"og:image:type\" content=\"image\/jpeg\" \/>\n<meta name=\"twitter:card\" content=\"summary_large_image\" \/>\n<script type=\"application\/ld+json\" class=\"yoast-schema-graph\">{\"@context\":\"https:\/\/schema.org\",\"@graph\":[{\"@type\":\"WebPage\",\"@id\":\"https:\/\/player.hitfm.rs\/?page_id=616\",\"url\":\"https:\/\/player.hitfm.rs\/?page_id=616\",\"name\":\"HIT TV PLAYER - HIT FM PLAYER\",\"isPartOf\":{\"@id\":\"https:\/\/player.hitfm.rs\/#website\"},\"primaryImageOfPage\":{\"@id\":\"https:\/\/player.hitfm.rs\/?page_id=616#primaryimage\"},\"image\":{\"@id\":\"https:\/\/player.hitfm.rs\/?page_id=616#primaryimage\"},\"thumbnailUrl\":\"https:\/\/player.hitfm.rs\/wp-content\/uploads\/sites\/9\/2025\/04\/hittv.jpg\",\"datePublished\":\"2025-04-29T12:09:06+00:00\",\"dateModified\":\"2025-05-19T10:55:50+00:00\",\"breadcrumb\":{\"@id\":\"https:\/\/player.hitfm.rs\/?page_id=616#breadcrumb\"},\"inLanguage\":\"en-US\",\"potentialAction\":[{\"@type\":\"ReadAction\",\"target\":[\"https:\/\/player.hitfm.rs\/?page_id=616\"]}]},{\"@type\":\"ImageObject\",\"inLanguage\":\"en-US\",\"@id\":\"https:\/\/player.hitfm.rs\/?page_id=616#primaryimage\",\"url\":\"https:\/\/player.hitfm.rs\/wp-content\/uploads\/sites\/9\/2025\/04\/hittv.jpg\",\"contentUrl\":\"https:\/\/player.hitfm.rs\/wp-content\/uploads\/sites\/9\/2025\/04\/hittv.jpg\",\"width\":1920,\"height\":1080},{\"@type\":\"BreadcrumbList\",\"@id\":\"https:\/\/player.hitfm.rs\/?page_id=616#breadcrumb\",\"itemListElement\":[{\"@type\":\"ListItem\",\"position\":1,\"name\":\"Home\",\"item\":\"https:\/\/player.hitfm.rs\/\"},{\"@type\":\"ListItem\",\"position\":2,\"name\":\"HIT TV PLAYER\"}]},{\"@type\":\"WebSite\",\"@id\":\"https:\/\/player.hitfm.rs\/#website\",\"url\":\"https:\/\/player.hitfm.rs\/\",\"name\":\"HIT FM PLAYER\",\"description\":\"\",\"publisher\":{\"@id\":\"https:\/\/player.hitfm.rs\/#organization\"},\"potentialAction\":[{\"@type\":\"SearchAction\",\"target\":{\"@type\":\"EntryPoint\",\"urlTemplate\":\"https:\/\/player.hitfm.rs\/?s={search_term_string}\"},\"query-input\":{\"@type\":\"PropertyValueSpecification\",\"valueRequired\":true,\"valueName\":\"search_term_string\"}}],\"inLanguage\":\"en-US\"},{\"@type\":\"Organization\",\"@id\":\"https:\/\/player.hitfm.rs\/#organization\",\"name\":\"HIT FM PLAYER\",\"url\":\"https:\/\/player.hitfm.rs\/\",\"logo\":{\"@type\":\"ImageObject\",\"inLanguage\":\"en-US\",\"@id\":\"https:\/\/player.hitfm.rs\/#\/schema\/logo\/image\/\",\"url\":\"https:\/\/player.hitfm.rs\/wp-content\/uploads\/sites\/9\/2025\/04\/cropped-hitfmfaviconbeli.png\",\"contentUrl\":\"https:\/\/player.hitfm.rs\/wp-content\/uploads\/sites\/9\/2025\/04\/cropped-hitfmfaviconbeli.png\",\"width\":512,\"height\":512,\"caption\":\"HIT FM PLAYER\"},\"image\":{\"@id\":\"https:\/\/player.hitfm.rs\/#\/schema\/logo\/image\/\"}}]}<\/script>\n<!-- \/ Yoast SEO plugin. -->","yoast_head_json":{"title":"HIT TV PLAYER - HIT FM PLAYER","robots":{"index":"index","follow":"follow","max-snippet":"max-snippet:-1","max-image-preview":"max-image-preview:large","max-video-preview":"max-video-preview:-1"},"canonical":"https:\/\/player.hitfm.rs\/?page_id=616","og_locale":"en_US","og_type":"article","og_title":"HIT TV PLAYER - HIT FM PLAYER","og_description":"HIT TV Dobrodo\u0161li na HIT FM Radio Viziju \u2013 mesto gde tvoja omiljena muzika ne samo da zvu\u010di odli\u010dno, ve\u0107 i izgleda sjajno!Gledaj nas u\u017eivo 24\/7 i oseti puls najboljeg radijskog zvuka \u2013 sada i u video formatu.","og_url":"https:\/\/player.hitfm.rs\/?page_id=616","og_site_name":"HIT FM PLAYER","article_modified_time":"2025-05-19T10:55:50+00:00","og_image":[{"width":1920,"height":1080,"url":"https:\/\/player.hitfm.rs\/wp-content\/uploads\/sites\/9\/2025\/04\/hittv.jpg","type":"image\/jpeg"}],"twitter_card":"summary_large_image","schema":{"@context":"https:\/\/schema.org","@graph":[{"@type":"WebPage","@id":"https:\/\/player.hitfm.rs\/?page_id=616","url":"https:\/\/player.hitfm.rs\/?page_id=616","name":"HIT TV PLAYER - HIT FM PLAYER","isPartOf":{"@id":"https:\/\/player.hitfm.rs\/#website"},"primaryImageOfPage":{"@id":"https:\/\/player.hitfm.rs\/?page_id=616#primaryimage"},"image":{"@id":"https:\/\/player.hitfm.rs\/?page_id=616#primaryimage"},"thumbnailUrl":"https:\/\/player.hitfm.rs\/wp-content\/uploads\/sites\/9\/2025\/04\/hittv.jpg","datePublished":"2025-04-29T12:09:06+00:00","dateModified":"2025-05-19T10:55:50+00:00","breadcrumb":{"@id":"https:\/\/player.hitfm.rs\/?page_id=616#breadcrumb"},"inLanguage":"en-US","potentialAction":[{"@type":"ReadAction","target":["https:\/\/player.hitfm.rs\/?page_id=616"]}]},{"@type":"ImageObject","inLanguage":"en-US","@id":"https:\/\/player.hitfm.rs\/?page_id=616#primaryimage","url":"https:\/\/player.hitfm.rs\/wp-content\/uploads\/sites\/9\/2025\/04\/hittv.jpg","contentUrl":"https:\/\/player.hitfm.rs\/wp-content\/uploads\/sites\/9\/2025\/04\/hittv.jpg","width":1920,"height":1080},{"@type":"BreadcrumbList","@id":"https:\/\/player.hitfm.rs\/?page_id=616#breadcrumb","itemListElement":[{"@type":"ListItem","position":1,"name":"Home","item":"https:\/\/player.hitfm.rs\/"},{"@type":"ListItem","position":2,"name":"HIT TV PLAYER"}]},{"@type":"WebSite","@id":"https:\/\/player.hitfm.rs\/#website","url":"https:\/\/player.hitfm.rs\/","name":"HIT FM PLAYER","description":"","publisher":{"@id":"https:\/\/player.hitfm.rs\/#organization"},"potentialAction":[{"@type":"SearchAction","target":{"@type":"EntryPoint","urlTemplate":"https:\/\/player.hitfm.rs\/?s={search_term_string}"},"query-input":{"@type":"PropertyValueSpecification","valueRequired":true,"valueName":"search_term_string"}}],"inLanguage":"en-US"},{"@type":"Organization","@id":"https:\/\/player.hitfm.rs\/#organization","name":"HIT FM PLAYER","url":"https:\/\/player.hitfm.rs\/","logo":{"@type":"ImageObject","inLanguage":"en-US","@id":"https:\/\/player.hitfm.rs\/#\/schema\/logo\/image\/","url":"https:\/\/player.hitfm.rs\/wp-content\/uploads\/sites\/9\/2025\/04\/cropped-hitfmfaviconbeli.png","contentUrl":"https:\/\/player.hitfm.rs\/wp-content\/uploads\/sites\/9\/2025\/04\/cropped-hitfmfaviconbeli.png","width":512,"height":512,"caption":"HIT FM PLAYER"},"image":{"@id":"https:\/\/player.hitfm.rs\/#\/schema\/logo\/image\/"}}]}},"uagb_featured_image_src":{"full":["https:\/\/player.hitfm.rs\/wp-content\/uploads\/sites\/9\/2025\/04\/hittv.jpg",1920,1080,false],"thumbnail":["https:\/\/player.hitfm.rs\/wp-content\/uploads\/sites\/9\/2025\/04\/hittv-150x150.jpg",150,150,true],"medium":["https:\/\/player.hitfm.rs\/wp-content\/uploads\/sites\/9\/2025\/04\/hittv-300x169.jpg",300,169,true],"medium_large":["https:\/\/player.hitfm.rs\/wp-content\/uploads\/sites\/9\/2025\/04\/hittv-768x432.jpg",768,432,true],"large":["https:\/\/player.hitfm.rs\/wp-content\/uploads\/sites\/9\/2025\/04\/hittv-1024x576.jpg",1024,576,true],"1536x1536":["https:\/\/player.hitfm.rs\/wp-content\/uploads\/sites\/9\/2025\/04\/hittv-1536x864.jpg",1536,864,true],"2048x2048":["https:\/\/player.hitfm.rs\/wp-content\/uploads\/sites\/9\/2025\/04\/hittv.jpg",1920,1080,false],"post-thumbnail":["https:\/\/player.hitfm.rs\/wp-content\/uploads\/sites\/9\/2025\/04\/hittv-1568x882.jpg",1568,882,true]},"uagb_author_info":{"display_name":"admin","author_link":"https:\/\/player.hitfm.rs\/?author=12"},"uagb_comment_info":0,"uagb_excerpt":"HIT TV Dobrodo\u0161li na HIT FM Radio Viziju \u2013 mesto gde tvoja omiljena muzika ne samo da zvu\u010di odli\u010dno, ve\u0107 i izgleda sjajno!Gledaj nas u\u017eivo 24\/7 i oseti puls najboljeg radijskog zvuka \u2013 sada i u video formatu.","_links":{"self":[{"href":"https:\/\/player.hitfm.rs\/index.php?rest_route=\/wp\/v2\/pages\/616","targetHints":{"allow":["GET"]}}],"collection":[{"href":"https:\/\/player.hitfm.rs\/index.php?rest_route=\/wp\/v2\/pages"}],"about":[{"href":"https:\/\/player.hitfm.rs\/index.php?rest_route=\/wp\/v2\/types\/page"}],"author":[{"embeddable":true,"href":"https:\/\/player.hitfm.rs\/index.php?rest_route=\/wp\/v2\/users\/12"}],"replies":[{"embeddable":true,"href":"https:\/\/player.hitfm.rs\/index.php?rest_route=%2Fwp%2Fv2%2Fcomments&post=616"}],"version-history":[{"count":15,"href":"https:\/\/player.hitfm.rs\/index.php?rest_route=\/wp\/v2\/pages\/616\/revisions"}],"predecessor-version":[{"id":727,"href":"https:\/\/player.hitfm.rs\/index.php?rest_route=\/wp\/v2\/pages\/616\/revisions\/727"}],"wp:featuredmedia":[{"embeddable":true,"href":"https:\/\/player.hitfm.rs\/index.php?rest_route=\/wp\/v2\/media\/728"}],"wp:attachment":[{"href":"https:\/\/player.hitfm.rs\/index.php?rest_route=%2Fwp%2Fv2%2Fmedia&parent=616"}],"curies":[{"name":"wp","href":"https:\/\/api.w.org\/{rel}","templated":true}]}}